{"id":25,"date":"2018-01-10T09:24:05","date_gmt":"2018-01-10T00:24:05","guid":{"rendered":"http:\/\/bem.sakura.ne.jp\/shimamura\/?page_id=25"},"modified":"2018-07-21T16:40:34","modified_gmt":"2018-07-21T07:40:34","slug":"appraisal-committee","status":"publish","type":"page","link":"https:\/\/galleryshimamura.co.jp\/en\/appraisal-committee\/","title":{"rendered":"Yukihiko Yasuda Appraisal Committee"},"content":{"rendered":"<section id=\"box01\">\r\n\t<div class=\"fl-box site-width\">\r\n\t\t<div class=\"box-inner-right text-center\">\r\n\t\t\t<img loading=\"lazy\" src=\"http:\/\/galleryshimamura.co.jp\/en\/wp-content\/uploads\/2018\/01\/yasuda.jpg\" alt=\"\u5b89\u7530\u976b\u5f66\" width=\"330\" height=\"435\" class=\"alignnone size-full wp-image-115\" srcset=\"http:\/\/galleryshimamura.co.jp\/en\/wp-content\/uploads\/2018\/01\/yasuda.jpg 1x,http:\/\/galleryshimamura.co.jp\/en\/wp-content\/uploads\/2018\/01\/yasuda_2.jpg 2x\" alt=\"\u5b89\u7530\u976b\u5f66\" width=\"330\" \/>\r\n\t\t<\/div>\r\n\t\t<div class=\"box-inner-left\">\r\n\t\t\t<h2 class=\"border-title\">About Yukihiko Yasuda<\/h2>\r\n\t\t\t<p>Yukihiko was born in Tokyo in 1884, and he became a pupil of Tomoto Kobori at the age of 14. As a leading figure of Nihonga he was very active and left behind many works from Meiji to Showa period. His style of painting was classic and kept drawing Yamato-e. Based on resources like classical knowledge and Yusoku-kojitsu, he created a genre of history painting.<br>Not only draw paintings, Yukihiko made efforts for restoration of the wall paintings in the Kond\u014d of H\u014dry\u016b Temple and relocation of the National Museum of Modern Art, Tokyo.<br>Especially, when he was 13 years old, he got moved by artworks, and succeeded the ideals that Tenshin Okakura pursued since then. After Tenshin&#8217;s death (1912), Nihon Bijutsuin was resurrected under Taikan Yokoyama as a central figure, and Yukihiko served as the first president of Nihon Bijustuin in 1958, the year of Taikan&#8217;s death. Also, he designed Zenjiro Yasuda Villa in Oiso (Kannon-do) and Arai Ryokan at Shuzenji, Izu (main communal bath and guest room).<br>He passed away at the age of 94 in April 1978, and ended his life of 80 years as an artist.<\/p>\r\n\t\t<\/div>\r\n\t<\/div>\r\n<\/section>\r\n<section id=\"box02\" class=\"bg-grade\">\r\n\t<div class=\"site-width\">\r\n\t\t<h2 class=\"border-title\">Formation of Yukihiko Yasuda Appraisal Committee<\/h2>\r\n\t\t<p class=\"fc-brown\">Yukihiko Yasuda  pursued the essence of Nihonga and left behind many works through creative activity of about 80 years from Meiji to Showa period.<br><br>Yukihiko got moved intensely by art for the first time when he was 13 years old. He started painting at the age of 14 and studied under Tomoto Kobori, so he was skillful at painting warriors and historical figures, and created numerous works of painting.<br><br>About His landmark work of Important Cultural Property &#8220;Camp at Kisegawa&#8221; (the National Museum of Modern Art, Tokyo), which describes the reunion of Yoshitsune Minamoto and Yoritomo Minamoto, is highly evaluated that not only the picture with a sense of urgency itself is beautiful, but also its colorful armors fascinate observers.<br><br>In addition, he liked &#8220;plum&#8221; and he left behind noble-minded works including seasonal paintings with cold air, and his life seems to be devoted to realize the artistic ideals of Tenshin Okakura.<br><br>To hand down Yukihiko&#8217;s artworks to posterity, we form Yukihiko Yasuda Appraisal Committee at this time.<br><br>I hope those who own Yukihiko&#8217;s artworks own and appreciate them for a long time, and I am very grateful to all those who love Yukihiko&#8217;s works.<br><br>Finally, I want to add that I believe artwork is not just to look at the exterior but also to feel and read the inner beauty.<\/p>\r\n\t\t<div class=\"text-right\"><img loading=\"lazy\" width=\"518\" height=\"139\" src=\"http:\/\/galleryshimamura.co.jp\/en\/wp-content\/uploads\/2018\/01\/sign_yasudakenichi.png\" alt=\"\u5b89\u7530\u5efa\u4e00\" class=\"alignnone size-full wp-image-110\" srcset=\"https:\/\/galleryshimamura.co.jp\/en\/wp-content\/uploads\/2018\/01\/sign_yasudakenichi.png 518w, https:\/\/galleryshimamura.co.jp\/en\/wp-content\/uploads\/2018\/01\/sign_yasudakenichi-300x81.png 300w\" sizes=\"(max-width: 518px) 100vw, 518px\" \/><br><img loading=\"lazy\" width=\"833\" height=\"177\" src=\"http:\/\/galleryshimamura.co.jp\/en\/wp-content\/uploads\/2018\/01\/sign_yasudayukio.png\" alt=\"\u5b89\u7530\u7531\u7d00\u592b\" class=\"alignnone size-full wp-image-111\" srcset=\"https:\/\/galleryshimamura.co.jp\/en\/wp-content\/uploads\/2018\/01\/sign_yasudayukio.png 833w, https:\/\/galleryshimamura.co.jp\/en\/wp-content\/uploads\/2018\/01\/sign_yasudayukio-300x64.png 300w, https:\/\/galleryshimamura.co.jp\/en\/wp-content\/uploads\/2018\/01\/sign_yasudayukio-768x163.png 768w\" sizes=\"(max-width: 833px) 100vw, 833px\" \/><\/div>\r\n\t<\/div>\r\n<\/section>\r\n<section id=\"box03\" class=\"bg-beige\">\r\n<div class=\"site-width mb100\">\r\n\t<h2 class=\"border-title\">Appraisal Flow<\/h2>\r\n\t<table class=\"basic-table\">\r\n\t\t<tbody>\r\n\t\t\t<tr>\r\n\t\t\t\t<th>Appraisal Day<\/th>\r\n\t\t\t\t<td>The last Sunday of each month<br>*Subject to change, so please contact us in advance.<\/td>\r\n\t\t\t<\/tr>\r\n\t\t\t<tr>\r\n\t\t\t\t<th>Appraisal Fee<\/th>\r\n\t\t\t\t<td>Application fee \uff1a \u00a5 30,000 \uff08when artwork brought in\uff09<br>Issue fee of certification \uff1a \u00a5 30,000\uff08when certification handed\uff09<br>\r\n\t\t\t\t<hr>Sum \uff1a \u00a560,000<br><br>*We only accept cash.<\/td>\r\n\t\t\t<\/tr>\r\n\t\t\t<tr>\r\n\t\t\t\t<th>Reception<\/th>\r\n\t\t\t\t<td>Appraisal is for brought-in works only.<br>We don&#8217;t accept mailing or travel appraisal.<br>We appraise the works brought in by 20th at the final Sunday of each month.<br><br><span class=\"fc-gold\">Ex.) If you brought in your work on January 20th(Sat), 2018<\/span><br>we appraise it on January 28th(Sun), 2018.<br><br><span class=\"fc-gold\">Ex.) If you brought in your work on January 21st(Sun), 2018 <\/span><br>we appraise it on February 25th(Sun), 2018.<br><br>Please contact us by 3 days before when you bring in works.<\/td>\r\n\t\t\t<\/tr>\r\n\t\t\t<tr>\r\n\t\t\t\t<th>Reception Desk<\/th>\r\n\t\t\t\t<td>Gallery Shimamura, Ltd.<\/td>\r\n\t\t\t<\/tr>\r\n\t\t\t<tr>\r\n\t\t\t\t<th>Cancellation Policy<\/th>\r\n\t\t\t\t<td>We can&#8217;t accept cancellation after appraisal request accepted.<br> We issue certification consequently if the artwork is genuine.<\/td>\r\n\t\t\t<\/tr>\r\n\t\t<\/tbody>\r\n\t<\/table>\r\n<\/div>\r\n\t<div class=\"site-width\"><div class=\"white-box text-center\">\r\n\t\t<div class=\"fs-24 fc-brown02 mb50\">Requests and Inquiries for Appraisal<\/div>\r\n\t\t<div>\r\n\t\t\t<a href=\"tel:0335711815 \"><img loading=\"lazy\" src=\"http:\/\/galleryshimamura.co.jp\/en\/wp-content\/uploads\/2018\/01\/tel.png\" alt=\"TEL\uff1a03-3571-1815\" width=\"399\" height=\"39\" class=\"alignnone size-full wp-image-102\" srcset=\"http:\/\/galleryshimamura.co.jp\/en\/wp-content\/uploads\/2018\/01\/tel.png 1x,http:\/\/galleryshimamura.co.jp\/en\/wp-content\/uploads\/2018\/01\/tel_2.png 2x\" \/><\/a> \r\n\t\t\t<span class=\"fc-brown02 fs-14\">Reception\uff1a11:00\u301c18:00, closed on Sunday and public Holidays<\/span>\r\n\t\t\t<div class=\"text-center mt30\"><a href=\"\/en\/appraisal-form\/\" class=\"btn\">Mail Form\u3000&gt;<\/a><\/div>\r\n\t\t<\/div>\r\n\t<\/div><\/div>\r\n<\/section>\r\n","protected":false},"excerpt":{"rendered":"About Yukihiko Yasuda Yukihiko was born in Tokyo in 1884, and he became a pupil of Tomoto Kobori at the age of 14. As a leading figure of Nihonga he was very active and left behind many works from Meiji to Showa period. His style of painting was classic and kept drawing Yamato-e. Based on [&hellip;]","protected":false},"author":1,"featured_media":0,"parent":0,"menu_order":0,"comment_status":"closed","ping_status":"closed","template":"","meta":[],"acf":[],"aioseo_notices":[],"_links":{"self":[{"href":"https:\/\/galleryshimamura.co.jp\/en\/wp-json\/wp\/v2\/pages\/25"}],"collection":[{"href":"https:\/\/galleryshimamura.co.jp\/en\/wp-json\/wp\/v2\/pages"}],"about":[{"href":"https:\/\/galleryshimamura.co.jp\/en\/wp-json\/wp\/v2\/types\/page"}],"author":[{"embeddable":true,"href":"https:\/\/galleryshimamura.co.jp\/en\/wp-json\/wp\/v2\/users\/1"}],"replies":[{"embeddable":true,"href":"https:\/\/galleryshimamura.co.jp\/en\/wp-json\/wp\/v2\/comments?post=25"}],"version-history":[{"count":16,"href":"https:\/\/galleryshimamura.co.jp\/en\/wp-json\/wp\/v2\/pages\/25\/revisions"}],"predecessor-version":[{"id":297,"href":"https:\/\/galleryshimamura.co.jp\/en\/wp-json\/wp\/v2\/pages\/25\/revisions\/297"}],"wp:attachment":[{"href":"https:\/\/galleryshimamura.co.jp\/en\/wp-json\/wp\/v2\/media?parent=25"}],"curies":[{"name":"wp","href":"https:\/\/api.w.org\/{rel}","templated":true}]}}